{"id":14,"date":"2024-11-20T12:21:23","date_gmt":"2024-11-20T12:21:23","guid":{"rendered":"https:\/\/www.kpietras.com\/?page_id=14"},"modified":"2025-09-15T09:18:41","modified_gmt":"2025-09-15T09:18:41","slug":"k-pietras-music-composer","status":"publish","type":"page","link":"https:\/\/www.kpietras.com\/","title":{"rendered":"K. Pietras Music Composer"},"content":{"rendered":"\t\t<div data-elementor-type=\"wp-page\" data-elementor-id=\"14\" class=\"elementor elementor-14\" data-elementor-post-type=\"page\">\n\t\t\t\t<div class=\"elementor-element elementor-element-3c3a176 e-con-full e-flex e-con e-parent\" data-id=\"3c3a176\" data-element_type=\"container\" data-e-type=\"container\" data-settings=\"{&quot;background_background&quot;:&quot;slideshow&quot;,&quot;background_slideshow_gallery&quot;:[{&quot;id&quot;:28,&quot;url&quot;:&quot;https:\\\/\\\/www.kpietras.com\\\/wp-content\\\/uploads\\\/2024\\\/11\\\/kpietras.jpg&quot;}],&quot;background_slideshow_loop&quot;:&quot;yes&quot;,&quot;background_slideshow_slide_duration&quot;:5000,&quot;background_slideshow_slide_transition&quot;:&quot;fade&quot;,&quot;background_slideshow_transition_duration&quot;:500}\">\n\t\t\t\t<div class=\"elementor-element elementor-element-1687592 elementor-widget elementor-widget-heading\" data-id=\"1687592\" data-element_type=\"widget\" data-e-type=\"widget\" data-widget_type=\"heading.default\">\n\t\t\t\t<div class=\"elementor-widget-container\">\n\t\t\t\t\t<h1 class=\"elementor-heading-title elementor-size-default\">K. PIETRAS<br> Music Composer<\/h1>\t\t\t\t<\/div>\n\t\t\t\t<\/div>\n\t\t\t\t<\/div>\n\t\t<div class=\"elementor-element elementor-element-9e62a8f e-flex e-con-boxed e-con e-parent\" data-id=\"9e62a8f\" data-element_type=\"container\" data-e-type=\"container\" data-settings=\"{&quot;background_background&quot;:&quot;classic&quot;}\">\n\t\t\t\t\t<div class=\"e-con-inner\">\n\t\t\t\t<div class=\"elementor-element elementor-element-e7dee3c elementor-widget elementor-widget-text-editor\" data-id=\"e7dee3c\" data-element_type=\"widget\" data-e-type=\"widget\" data-widget_type=\"text-editor.default\">\n\t\t\t\t<div class=\"elementor-widget-container\">\n\t\t\t\t\t\t\t\t\t<h2>Composer: K.\u00a0Pietras (Red\u00a0Octopus, Pssst\u00a0Instruments, Krzysztof\u00a0Pietras)<\/h2>\t\t\t\t\t\t\t\t<\/div>\n\t\t\t\t<\/div>\n\t\t\t\t<div class=\"elementor-element elementor-element-cac448f elementor-widget elementor-widget-text-editor\" data-id=\"cac448f\" data-element_type=\"widget\" data-e-type=\"widget\" data-widget_type=\"text-editor.default\">\n\t\t\t\t<div class=\"elementor-widget-container\">\n\t\t\t\t\t\t\t\t\t<p>My name is <span style=\"color: #ff6600;\"><b>K. Pietras <\/b><\/span>(Krzysztof Pietras) and I am a composer of <span style=\"color: #ff6600;\"><b>video games music<\/b><\/span> (e.g. the DDS series) and music for media (as <span style=\"color: #ff6600;\"><b>Red Octopus<\/b><\/span>), I also create virtual instruments (as <a href=\"https:\/\/pssst-instruments.com\/\"><span style=\"color: #ff6600;\"><b>Pssst! Instruments<\/b><\/span><\/a>).<\/p>\t\t\t\t\t\t\t\t<\/div>\n\t\t\t\t<\/div>\n\t\t\t\t<div class=\"elementor-element elementor-element-01f3496 elementor-widget elementor-widget-text-editor\" data-id=\"01f3496\" data-element_type=\"widget\" data-e-type=\"widget\" data-widget_type=\"text-editor.default\">\n\t\t\t\t<div class=\"elementor-widget-container\">\n\t\t\t\t\t\t\t\t\t<h2>I make music for video games and media<\/h2>\t\t\t\t\t\t\t\t<\/div>\n\t\t\t\t<\/div>\n\t\t\t\t<div class=\"elementor-element elementor-element-e4ca48a elementor-widget elementor-widget-text-editor\" data-id=\"e4ca48a\" data-element_type=\"widget\" data-e-type=\"widget\" data-widget_type=\"text-editor.default\">\n\t\t\t\t<div class=\"elementor-widget-container\">\n\t\t\t\t\t\t\t\t\t<p>My passion is creating music for video games. However, even if you don\u2019t play games, I am sure you&#8217;ve heard my music on TV, radio, the Internet, even toys. My tracks can be heard all over the world in advertisements for brands such as: <span style=\"color: #ff6600;\"><b>Adidas, Pepsi, Motorola, Skoda, Maybelline, Philips, Google, Renault, Samsung, Huawei, Qatar Airways, BMW, Paypal, Mercedes-Benz, Lidl, Intel, Hyundai, Fanta, Subaru, Puma, Dell, Johnson &amp; Johnson, AC Milan<\/b><\/span> and many others.<\/p><p>Being so called \u201cmedia composer\u201d involves creating music that \u201cworks in harmony\u201d with media or events. In addition to games and advertisements, I took part in many projects, for example I created\u00a0<span style=\"color: #ff6600;\"><b>the anthem of the CONCACAF SCCL<\/b><\/span> football tournament (the American equivalent of the UEFA Champions League), music for television and radio programs, films and animations, applications, podcasts, vlogs, music for various events, musical installations for several large museums, escape rooms, toys, and even one songbook for children <img decoding=\"async\" class=\"emoji\" role=\"img\" draggable=\"false\" src=\"https:\/\/s.w.org\/images\/core\/emoji\/15.0.3\/svg\/1f642.svg\" alt=\"\ud83d\ude42\" \/><\/p>\t\t\t\t\t\t\t\t<\/div>\n\t\t\t\t<\/div>\n\t\t\t\t<div class=\"elementor-element elementor-element-3c70b91 elementor-widget elementor-widget-text-editor\" data-id=\"3c70b91\" data-element_type=\"widget\" data-e-type=\"widget\" data-widget_type=\"text-editor.default\">\n\t\t\t\t<div class=\"elementor-widget-container\">\n\t\t\t\t\t\t\t\t\t<h2>Education and experience<\/h2>\t\t\t\t\t\t\t\t<\/div>\n\t\t\t\t<\/div>\n\t\t\t\t<div class=\"elementor-element elementor-element-575f4f1 elementor-widget elementor-widget-text-editor\" data-id=\"575f4f1\" data-element_type=\"widget\" data-e-type=\"widget\" data-widget_type=\"text-editor.default\">\n\t\t\t\t<div class=\"elementor-widget-container\">\n\t\t\t\t\t\t\t\t\t<p>I studied\u00a0<span style=\"color: #ff6600;\"><b>piano <\/b><\/span>at the First and Secondary Music School in Kielce and in the <span style=\"color: #ff6600;\"><b>composition class at the Academy of Music in Krakow\u00a0<\/b><\/span>(a total of seventeen years!). At the same time, I played in many bands as a sideman, performing with Polish musicians such as <span style=\"color: #ff6600;\"><b>Kasia Sochacka, Mateusz Zi\u00f3\u0142ko, Janusz Radek and Jarek \u015amietana<\/b><\/span>.<\/p><p>During my studies, I became interested in <span style=\"color: #ff6600;\"><b>computer music and virtual instruments<\/b><\/span>. It became my passion and allowed me to have love affairs with many musical genres, from <span style=\"color: #ff6600;\"><b>film music, through jazz, rock, hip-hop, to electronica<\/b><\/span>. I quickly specialized in creating short forms in any style and instrumentation (I love it!), which allowed me to achieve success on the stock websites AudioJungle and Envato Elements, thanks to which <span style=\"color: #ff6600;\"><b>I became a global top seller<\/b><\/span>, selling hundreds of thousands of licenses for my works around the world.<\/p>\t\t\t\t\t\t\t\t<\/div>\n\t\t\t\t<\/div>\n\t\t\t\t<div class=\"elementor-element elementor-element-39c1ee1 elementor-widget elementor-widget-text-editor\" data-id=\"39c1ee1\" data-element_type=\"widget\" data-e-type=\"widget\" data-widget_type=\"text-editor.default\">\n\t\t\t\t<div class=\"elementor-widget-container\">\n\t\t\t\t\t\t\t\t\t<h2>K. Pietras &#8211; music composer &amp; sound designer<\/h2>\t\t\t\t\t\t\t\t<\/div>\n\t\t\t\t<\/div>\n\t\t\t\t<div class=\"elementor-element elementor-element-b0ef3da elementor-widget elementor-widget-text-editor\" data-id=\"b0ef3da\" data-element_type=\"widget\" data-e-type=\"widget\" data-widget_type=\"text-editor.default\">\n\t\t\t\t<div class=\"elementor-widget-container\">\n\t\t\t\t\t\t\t\t\t<p>In addition to music, I also deal with <span style=\"color: #ff6600;\"><b>sound design<\/b><\/span>. Together with Kasia Krzewi\u0144ska, we founded the <a href=\"https:\/\/pssst-instruments.com\/\">Pssst! Instruments<\/a>, where we <span style=\"color: #ff6600;\"><b>create virtual instruments<\/b><\/span> for film music composers and music producers. This is my new passion, which allows me to go deeper into the creative process by creating not only music, but also the instruments on which this music is created!<\/p><p>Click <a href=\"https:\/\/www.kpietras.com\/index.php\/k-pietras-kompozytor\/\">here<\/a> for Polish version.<\/p><p>Feel free to email me:\u00a0<span style=\"background-color: inherit;\">krz.pietras@gmail.com<\/span><\/p><p><span style=\"background-color: inherit;\">or write to me on <a href=\"https:\/\/www.instagram.com\/k.pietras.composer\/\">Instagram<\/a>.<\/span><\/p>\t\t\t\t\t\t\t\t<\/div>\n\t\t\t\t<\/div>\n\t\t\t\t\t<\/div>\n\t\t\t\t<\/div>\n\t\t<div class=\"elementor-element elementor-element-af43c9f e-flex e-con-boxed e-con e-parent\" data-id=\"af43c9f\" data-element_type=\"container\" data-e-type=\"container\" data-settings=\"{&quot;background_background&quot;:&quot;classic&quot;}\">\n\t\t\t\t\t<div class=\"e-con-inner\">\n\t\t<div class=\"elementor-element elementor-element-9ee5f69 e-flex e-con-boxed e-con e-child\" data-id=\"9ee5f69\" data-element_type=\"container\" data-e-type=\"container\">\n\t\t\t\t\t<div class=\"e-con-inner\">\n\t\t\t\t<div class=\"elementor-element elementor-element-50223b7 elementor-widget elementor-widget-audio\" data-id=\"50223b7\" data-element_type=\"widget\" data-e-type=\"widget\" data-widget_type=\"audio.default\">\n\t\t\t\t<div class=\"elementor-widget-container\">\n\t\t\t\t\t\t\t\t<div class=\"elementor-soundcloud-wrapper\">\n\t\t\t\t<iframe width=\"800\" height=\"450\" frameborder=\"no\" src=\"https:\/\/w.soundcloud.com\/player\/?visual=false&#038;url=https%3A%2F%2Fapi.soundcloud.com%2Fplaylists%2F490044948&#038;show_artwork=true&#038;maxheight=1000&#038;maxwidth=800&#038;auto_play=false&#038;buying=true&#038;liking=true&#038;download=true&#038;sharing=true&#038;show_comments=true&#038;show_playcount=true&#038;show_user=true&#038;color\"><\/iframe>\t\t\t<\/div>\n\t\t\t\t\t\t\t<\/div>\n\t\t\t\t<\/div>\n\t\t\t\t\t<\/div>\n\t\t\t\t<\/div>\n\t\t<div class=\"elementor-element elementor-element-1b489d8 e-flex e-con-boxed e-con e-child\" data-id=\"1b489d8\" data-element_type=\"container\" data-e-type=\"container\">\n\t\t\t\t\t<div class=\"e-con-inner\">\n\t\t\t\t<div class=\"elementor-element elementor-element-9084e76 elementor-widget elementor-widget-audio\" data-id=\"9084e76\" data-element_type=\"widget\" data-e-type=\"widget\" data-widget_type=\"audio.default\">\n\t\t\t\t<div class=\"elementor-widget-container\">\n\t\t\t\t\t\t\t\t<div class=\"elementor-soundcloud-wrapper\">\n\t\t\t\t<iframe width=\"800\" height=\"450\" frameborder=\"no\" src=\"https:\/\/w.soundcloud.com\/player\/?visual=false&#038;url=https%3A%2F%2Fapi.soundcloud.com%2Fplaylists%2F490639263&#038;show_artwork=true&#038;maxheight=1000&#038;maxwidth=800&#038;auto_play=false&#038;buying=true&#038;liking=true&#038;download=true&#038;sharing=true&#038;show_comments=true&#038;show_playcount=true&#038;show_user=true&#038;color\"><\/iframe>\t\t\t<\/div>\n\t\t\t\t\t\t\t<\/div>\n\t\t\t\t<\/div>\n\t\t\t\t\t<\/div>\n\t\t\t\t<\/div>\n\t\t\t\t\t<\/div>\n\t\t\t\t<\/div>\n\t\t\t\t<\/div>\n\t\t","protected":false},"excerpt":{"rendered":"<p>K. Pietras (Krzysztof Pietras) a music composer and virtual instruments creator<\/p>\n","protected":false},"author":1,"featured_media":0,"parent":0,"menu_order":0,"comment_status":"closed","ping_status":"closed","template":"elementor_header_footer","meta":{"footnotes":""},"class_list":["post-14","page","type-page","status-publish","hentry"],"yoast_head":"<!-- This site is optimized with the Yoast SEO plugin v27.3 - https:\/\/yoast.com\/product\/yoast-seo-wordpress\/ -->\n<title>K. Pietras - Music Composer<\/title>\n<meta name=\"description\" content=\"K. Pietras (Pssst Instruments, Red Octopus, Krzysztof Pietras) game and media music composer and virtual instruments creator.\" \/>\n<meta name=\"robots\" content=\"index, follow, max-snippet:-1, max-image-preview:large, max-video-preview:-1\" \/>\n<link rel=\"canonical\" href=\"https:\/\/www.kpietras.com\/\" \/>\n<meta property=\"og:locale\" content=\"pl_PL\" \/>\n<meta property=\"og:type\" content=\"article\" \/>\n<meta property=\"og:title\" content=\"K. Pietras - Music Composer\" \/>\n<meta property=\"og:description\" content=\"K. Pietras (Pssst Instruments, Red Octopus, Krzysztof Pietras) game and media music composer and virtual instruments creator.\" \/>\n<meta property=\"og:url\" content=\"https:\/\/www.kpietras.com\/\" \/>\n<meta property=\"og:site_name\" content=\"K. Pietras Music Composer\" \/>\n<meta property=\"article:publisher\" content=\"https:\/\/www.facebook.com\/redoctopusweb\/\" \/>\n<meta property=\"article:modified_time\" content=\"2025-09-15T09:18:41+00:00\" \/>\n<meta property=\"og:image\" content=\"https:\/\/s.w.org\/images\/core\/emoji\/15.0.3\/svg\/1f642.svg\" \/>\n<meta name=\"twitter:card\" content=\"summary_large_image\" \/>\n<meta name=\"twitter:label1\" content=\"Szacowany czas czytania\" \/>\n\t<meta name=\"twitter:data1\" content=\"3 minuty\" \/>\n<script type=\"application\/ld+json\" class=\"yoast-schema-graph\">{\"@context\":\"https:\\\/\\\/schema.org\",\"@graph\":[{\"@type\":\"WebPage\",\"@id\":\"https:\\\/\\\/www.kpietras.com\\\/\",\"url\":\"https:\\\/\\\/www.kpietras.com\\\/\",\"name\":\"K. Pietras - Music Composer\",\"isPartOf\":{\"@id\":\"https:\\\/\\\/www.kpietras.com\\\/#website\"},\"primaryImageOfPage\":{\"@id\":\"https:\\\/\\\/www.kpietras.com\\\/#primaryimage\"},\"image\":{\"@id\":\"https:\\\/\\\/www.kpietras.com\\\/#primaryimage\"},\"thumbnailUrl\":\"https:\\\/\\\/s.w.org\\\/images\\\/core\\\/emoji\\\/15.0.3\\\/svg\\\/1f642.svg\",\"datePublished\":\"2024-11-20T12:21:23+00:00\",\"dateModified\":\"2025-09-15T09:18:41+00:00\",\"description\":\"K. Pietras (Pssst Instruments, Red Octopus, Krzysztof Pietras) game and media music composer and virtual instruments creator.\",\"breadcrumb\":{\"@id\":\"https:\\\/\\\/www.kpietras.com\\\/#breadcrumb\"},\"inLanguage\":\"pl-PL\",\"potentialAction\":[{\"@type\":\"ReadAction\",\"target\":[\"https:\\\/\\\/www.kpietras.com\\\/\"]}]},{\"@type\":\"ImageObject\",\"inLanguage\":\"pl-PL\",\"@id\":\"https:\\\/\\\/www.kpietras.com\\\/#primaryimage\",\"url\":\"https:\\\/\\\/s.w.org\\\/images\\\/core\\\/emoji\\\/15.0.3\\\/svg\\\/1f642.svg\",\"contentUrl\":\"https:\\\/\\\/s.w.org\\\/images\\\/core\\\/emoji\\\/15.0.3\\\/svg\\\/1f642.svg\"},{\"@type\":\"BreadcrumbList\",\"@id\":\"https:\\\/\\\/www.kpietras.com\\\/#breadcrumb\",\"itemListElement\":[{\"@type\":\"ListItem\",\"position\":1,\"name\":\"Strona g\u0142\u00f3wna\",\"item\":\"https:\\\/\\\/www.kpietras.com\\\/\"},{\"@type\":\"ListItem\",\"position\":2,\"name\":\"K. Pietras Music Composer\"}]},{\"@type\":\"WebSite\",\"@id\":\"https:\\\/\\\/www.kpietras.com\\\/#website\",\"url\":\"https:\\\/\\\/www.kpietras.com\\\/\",\"name\":\"K. Pietras Music Composer\",\"description\":\"Krzysztof K. Pietras - a video game and media music composer. Kompozytor muzyki.\",\"publisher\":{\"@id\":\"https:\\\/\\\/www.kpietras.com\\\/#organization\"},\"potentialAction\":[{\"@type\":\"SearchAction\",\"target\":{\"@type\":\"EntryPoint\",\"urlTemplate\":\"https:\\\/\\\/www.kpietras.com\\\/?s={search_term_string}\"},\"query-input\":{\"@type\":\"PropertyValueSpecification\",\"valueRequired\":true,\"valueName\":\"search_term_string\"}}],\"inLanguage\":\"pl-PL\"},{\"@type\":\"Organization\",\"@id\":\"https:\\\/\\\/www.kpietras.com\\\/#organization\",\"name\":\"K. Pietras Music Composer\",\"url\":\"https:\\\/\\\/www.kpietras.com\\\/\",\"logo\":{\"@type\":\"ImageObject\",\"inLanguage\":\"pl-PL\",\"@id\":\"https:\\\/\\\/www.kpietras.com\\\/#\\\/schema\\\/logo\\\/image\\\/\",\"url\":\"https:\\\/\\\/www.kpietras.com\\\/wp-content\\\/uploads\\\/2024\\\/11\\\/cropped-kpietras.jpg\",\"contentUrl\":\"https:\\\/\\\/www.kpietras.com\\\/wp-content\\\/uploads\\\/2024\\\/11\\\/cropped-kpietras.jpg\",\"width\":572,\"height\":443,\"caption\":\"K. Pietras Music Composer\"},\"image\":{\"@id\":\"https:\\\/\\\/www.kpietras.com\\\/#\\\/schema\\\/logo\\\/image\\\/\"},\"sameAs\":[\"https:\\\/\\\/www.facebook.com\\\/redoctopusweb\\\/\"]}]}<\/script>\n<!-- \/ Yoast SEO plugin. -->","yoast_head_json":{"title":"K. Pietras - Music Composer","description":"K. Pietras (Pssst Instruments, Red Octopus, Krzysztof Pietras) game and media music composer and virtual instruments creator.","robots":{"index":"index","follow":"follow","max-snippet":"max-snippet:-1","max-image-preview":"max-image-preview:large","max-video-preview":"max-video-preview:-1"},"canonical":"https:\/\/www.kpietras.com\/","og_locale":"pl_PL","og_type":"article","og_title":"K. Pietras - Music Composer","og_description":"K. Pietras (Pssst Instruments, Red Octopus, Krzysztof Pietras) game and media music composer and virtual instruments creator.","og_url":"https:\/\/www.kpietras.com\/","og_site_name":"K. Pietras Music Composer","article_publisher":"https:\/\/www.facebook.com\/redoctopusweb\/","article_modified_time":"2025-09-15T09:18:41+00:00","og_image":[{"url":"https:\/\/s.w.org\/images\/core\/emoji\/15.0.3\/svg\/1f642.svg","type":"","width":"","height":""}],"twitter_card":"summary_large_image","twitter_misc":{"Szacowany czas czytania":"3 minuty"},"schema":{"@context":"https:\/\/schema.org","@graph":[{"@type":"WebPage","@id":"https:\/\/www.kpietras.com\/","url":"https:\/\/www.kpietras.com\/","name":"K. Pietras - Music Composer","isPartOf":{"@id":"https:\/\/www.kpietras.com\/#website"},"primaryImageOfPage":{"@id":"https:\/\/www.kpietras.com\/#primaryimage"},"image":{"@id":"https:\/\/www.kpietras.com\/#primaryimage"},"thumbnailUrl":"https:\/\/s.w.org\/images\/core\/emoji\/15.0.3\/svg\/1f642.svg","datePublished":"2024-11-20T12:21:23+00:00","dateModified":"2025-09-15T09:18:41+00:00","description":"K. Pietras (Pssst Instruments, Red Octopus, Krzysztof Pietras) game and media music composer and virtual instruments creator.","breadcrumb":{"@id":"https:\/\/www.kpietras.com\/#breadcrumb"},"inLanguage":"pl-PL","potentialAction":[{"@type":"ReadAction","target":["https:\/\/www.kpietras.com\/"]}]},{"@type":"ImageObject","inLanguage":"pl-PL","@id":"https:\/\/www.kpietras.com\/#primaryimage","url":"https:\/\/s.w.org\/images\/core\/emoji\/15.0.3\/svg\/1f642.svg","contentUrl":"https:\/\/s.w.org\/images\/core\/emoji\/15.0.3\/svg\/1f642.svg"},{"@type":"BreadcrumbList","@id":"https:\/\/www.kpietras.com\/#breadcrumb","itemListElement":[{"@type":"ListItem","position":1,"name":"Strona g\u0142\u00f3wna","item":"https:\/\/www.kpietras.com\/"},{"@type":"ListItem","position":2,"name":"K. Pietras Music Composer"}]},{"@type":"WebSite","@id":"https:\/\/www.kpietras.com\/#website","url":"https:\/\/www.kpietras.com\/","name":"K. Pietras Music Composer","description":"Krzysztof K. Pietras - a video game and media music composer. Kompozytor muzyki.","publisher":{"@id":"https:\/\/www.kpietras.com\/#organization"},"potentialAction":[{"@type":"SearchAction","target":{"@type":"EntryPoint","urlTemplate":"https:\/\/www.kpietras.com\/?s={search_term_string}"},"query-input":{"@type":"PropertyValueSpecification","valueRequired":true,"valueName":"search_term_string"}}],"inLanguage":"pl-PL"},{"@type":"Organization","@id":"https:\/\/www.kpietras.com\/#organization","name":"K. Pietras Music Composer","url":"https:\/\/www.kpietras.com\/","logo":{"@type":"ImageObject","inLanguage":"pl-PL","@id":"https:\/\/www.kpietras.com\/#\/schema\/logo\/image\/","url":"https:\/\/www.kpietras.com\/wp-content\/uploads\/2024\/11\/cropped-kpietras.jpg","contentUrl":"https:\/\/www.kpietras.com\/wp-content\/uploads\/2024\/11\/cropped-kpietras.jpg","width":572,"height":443,"caption":"K. Pietras Music Composer"},"image":{"@id":"https:\/\/www.kpietras.com\/#\/schema\/logo\/image\/"},"sameAs":["https:\/\/www.facebook.com\/redoctopusweb\/"]}]}},"_links":{"self":[{"href":"https:\/\/www.kpietras.com\/index.php\/wp-json\/wp\/v2\/pages\/14","targetHints":{"allow":["GET"]}}],"collection":[{"href":"https:\/\/www.kpietras.com\/index.php\/wp-json\/wp\/v2\/pages"}],"about":[{"href":"https:\/\/www.kpietras.com\/index.php\/wp-json\/wp\/v2\/types\/page"}],"author":[{"embeddable":true,"href":"https:\/\/www.kpietras.com\/index.php\/wp-json\/wp\/v2\/users\/1"}],"replies":[{"embeddable":true,"href":"https:\/\/www.kpietras.com\/index.php\/wp-json\/wp\/v2\/comments?post=14"}],"version-history":[{"count":121,"href":"https:\/\/www.kpietras.com\/index.php\/wp-json\/wp\/v2\/pages\/14\/revisions"}],"predecessor-version":[{"id":411,"href":"https:\/\/www.kpietras.com\/index.php\/wp-json\/wp\/v2\/pages\/14\/revisions\/411"}],"wp:attachment":[{"href":"https:\/\/www.kpietras.com\/index.php\/wp-json\/wp\/v2\/media?parent=14"}],"curies":[{"name":"wp","href":"https:\/\/api.w.org\/{rel}","templated":true}]}}